{"id":3303,"date":"2026-01-22T22:22:13","date_gmt":"2026-01-22T21:22:13","guid":{"rendered":"https:\/\/bazeko.pl\/datenschutzerklarung\/"},"modified":"2026-03-11T01:25:40","modified_gmt":"2026-03-11T00:25:40","slug":"datenschutzerklarung","status":"publish","type":"page","link":"https:\/\/bazeko.pl\/de\/datenschutzerklarung\/","title":{"rendered":"Datenschutzerkl\u00e4rung"},"content":{"rendered":"\t\t<div data-elementor-type=\"wp-post\" data-elementor-id=\"3303\" class=\"elementor elementor-3303 elementor-2114\" data-elementor-post-type=\"page\">\n\t\t\t\t<div class=\"elementor-element elementor-element-5be7547 e-flex e-con-boxed e-con e-parent\" data-id=\"5be7547\" data-element_type=\"container\" data-e-type=\"container\" data-settings=\"{&quot;background_background&quot;:&quot;classic&quot;}\">\n\t\t\t\t\t<div class=\"e-con-inner\">\n\t\t<div class=\"elementor-element elementor-element-a01c84a e-con-full e-flex e-con e-child\" data-id=\"a01c84a\" data-element_type=\"container\" data-e-type=\"container\">\n\t\t\t\t<div class=\"elementor-element elementor-element-0fe3f5e elementor-widget-divider--view-line elementor-widget elementor-widget-divider\" data-id=\"0fe3f5e\" data-element_type=\"widget\" data-e-type=\"widget\" data-widget_type=\"divider.default\">\n\t\t\t\t\t\t\t<div class=\"elementor-divider\">\n\t\t\t<span class=\"elementor-divider-separator\">\n\t\t\t\t\t\t<\/span>\n\t\t<\/div>\n\t\t\t\t\t\t<\/div>\n\t\t\t\t<div class=\"elementor-element elementor-element-5f16992 elementor-widget elementor-widget-heading\" data-id=\"5f16992\" data-element_type=\"widget\" data-e-type=\"widget\" data-widget_type=\"heading.default\">\n\t\t\t\t\t<h1 class=\"elementor-heading-title elementor-size-default\">Datenschutzerkl\u00e4rung<\/h1>\t\t\t\t<\/div>\n\t\t\t\t<div class=\"elementor-element elementor-element-1e31448 elementor-widget elementor-widget-shortcode\" data-id=\"1e31448\" data-element_type=\"widget\" data-e-type=\"widget\" data-widget_type=\"shortcode.default\">\n\t\t\t\t\t\t\t<div class=\"elementor-shortcode\"><span><span><a href=\"https:\/\/bazeko.pl\/de\/startseite\/\">Startseite<\/a><\/span><\/span><\/div>\n\t\t\t\t\t\t<\/div>\n\t\t\t\t<\/div>\n\t\t\t\t\t<\/div>\n\t\t\t\t<\/div>\n\t\t<div class=\"elementor-element elementor-element-e6a3788 e-flex e-con-boxed e-con e-parent\" data-id=\"e6a3788\" data-element_type=\"container\" data-e-type=\"container\" data-settings=\"{&quot;background_background&quot;:&quot;classic&quot;}\">\n\t\t\t\t\t<div class=\"e-con-inner\">\n\t\t<div class=\"elementor-element elementor-element-b91cea3 e-con-full e-flex e-con e-child\" data-id=\"b91cea3\" data-element_type=\"container\" data-e-type=\"container\">\n\t\t<div class=\"elementor-element elementor-element-5f7fb67 e-con-full e-flex e-con e-child\" data-id=\"5f7fb67\" data-element_type=\"container\" data-e-type=\"container\">\n\t\t<div class=\"elementor-element elementor-element-04b6908 e-con-full e-flex e-con e-child\" data-id=\"04b6908\" data-element_type=\"container\" data-e-type=\"container\">\n\t\t\t\t<div class=\"elementor-element elementor-element-2d46a8f elementor-widget elementor-widget-text-editor\" data-id=\"2d46a8f\" data-element_type=\"widget\" data-e-type=\"widget\" data-widget_type=\"text-editor.default\">\n\t\t\t\t\t\t\t\t\t<p>Die Datenschutz- und Cookie-Richtlinie beschreibt die Regeln f\u00fcr den Umgang mit personenbezogenen Daten und die Verwendung von Cookies und anderen Technologien auf der Website bazeko.pl.<\/p><p>Der Administrator der Website ist BaZeKo Kocio\u0142ek &amp; Kocio\u0142ek sp.j., ul. Czechos\u0142owacka 3A, 92-216 \u0141\u00f3d\u017a, Polen, NIP 7282836137, Regon 382411879, KRS 0000768605. Der Kontakt mit dem Administrator ist unter der E-Mail-Adresse biuro@bazeko.pl m\u00f6glich.<\/p><p>\u00a7 1. Begriffsbestimmungen<\/p><p>F\u00fcr die Zwecke dieser Datenschutzerkl\u00e4rung gelten die folgenden Bedeutungen der unten stehenden Begriffe:<\/p><ol class=\"wp-block-list\"><li>Administrator \u2013 BaZeKo Kocio\u0142ek &amp; Kocio\u0142ek sp.j., ul. Czechos\u0142owacka 3A, 92-216 \u0141\u00f3d\u017a, Polen, NIP 7282836137, Regon 382411879, KRS 0000768605. Der Kontakt mit dem Administrator ist unter der E-Mail-Adresse biuro@bazeko.pl m\u00f6glich.<\/li><li>Website \u2013 die Website unter der Adresse: https:\/\/bazeko.pl\/<\/li><li>Nutzer \u2013 jedes Subjekt, das die Website nutzt.<\/li><\/ol><p>\u00a7 2. Personenbezogene Daten <\/p><ol class=\"wp-block-list\"><li>Der Administrator der personenbezogenen Daten des Nutzers ist der Administrator.<\/li><li>Der Administrator garantiert die Vertraulichkeit aller ihm \u00fcbermittelten personenbezogenen Daten.<\/li><li>Der Nutzer kann seine personenbezogenen Daten \u00fcber die auf der Website verf\u00fcgbaren Formulare, wie z. B. das Kontaktformular, an den Administrator \u00fcbermitteln.<\/li><li>Die Bereitstellung von Daten durch den Nutzer ist freiwillig, jedoch ist deren Angabe notwendig, damit der Nutzer die Handlungen durchf\u00fchren kann, f\u00fcr die das Formular bestimmt ist.<\/li><li>Der Administrator gibt die ihm \u00fcbermittelten Daten nicht an Dritte weiter, und die personenbezogenen Daten werden mit der gebotenen Sorgfalt erfasst und angemessen vor dem Zugriff unbefugter Personen gesch\u00fctzt.<\/li><li>Dem Nutzer stehen folgende Rechte zu:<br><ul class=\"wp-block-list\"><li>Recht auf Auskunft \u00fcber seine Daten, deren Berichtigung, L\u00f6schung oder Einschr\u00e4nkung der Verarbeitung,<\/li><li>Recht auf Widerspruch gegen die Verarbeitung,<\/li><li>Recht auf Daten\u00fcbertragbarkeit,<\/li><li>Recht, die Einwilligung zur Verarbeitung personenbezogener Daten f\u00fcr einen bestimmten Zweck zu widerrufen, sofern der Nutzer eine solche Einwilligung zuvor erteilt hat,<\/li><li>Recht, eine Beschwerde bei der zust\u00e4ndigen Aufsichtsbeh\u00f6rde im Zusammenhang mit der Verarbeitung personenbezogener Daten durch den Administrator einzureichen.<\/li><\/ul><\/li><li>Der Administrator informiert den Nutzer, dass er die Verarbeitung personenbezogener Daten den folgenden Einheiten anvertraut: BaZeKo Kocio\u0142ek &amp; Kocio\u0142ek sp.j., ul. Czechos\u0142owacka 3A, 92-216 \u0141\u00f3d\u017a, Polen, NIP 7282836137, Regon 382411879, KRS 0000768605.<\/li><\/ol><p>\u00a7 3. Cookies <\/p><ol class=\"wp-block-list\"><li>Der Administrator verwendet Cookies, also kleine Textinformationen, die auf dem Endger\u00e4t des Nutzers (z. B. Computer, Tablet, Smartphone) gespeichert werden. Cookies k\u00f6nnen vom IT-System des Administrators ausgelesen werden. <\/li><li>Der Administrator speichert Cookies auf dem Endger\u00e4t des Nutzers und greift anschlie\u00dfend auf die darin enthaltenen Informationen zu statistischen Zwecken, zu Marketingzwecken (Remarketing) sowie zur Sicherstellung der korrekten Funktion der Website zu.<\/li><li>Der Administrator informiert hiermit den Nutzer, dass es m\u00f6glich ist, den Webbrowser so zu konfigurieren, dass das Speichern von Cookies auf dem Endger\u00e4t des Nutzers verhindert wird. In einer solchen Situation kann die Nutzung der Website f\u00fcr den Nutzer erschwert sein. <\/li><li>Der Administrator weist hiermit darauf hin, dass Cookies vom Nutzer nach deren Speicherung durch den Administrator \u00fcber entsprechende Funktionen des Webbrowsers, daf\u00fcr vorgesehene Programme oder unter Nutzung entsprechender Tools des vom Nutzer verwendeten Betriebssystems gel\u00f6scht werden k\u00f6nnen.<\/li><\/ol><p>\u00a7 4. Informationen zu den verwendeten Technologien: <\/p><p>Der Administrator informiert hiermit den Nutzer, dass er folgende Technologien zur Verfolgung der vom Nutzer auf der Website durchgef\u00fchrten Aktionen einsetzt:<\/p><ul class=\"wp-block-list\"><li>Facebook-Konversionspixel \u2013 zur Verwaltung von Anzeigen auf Facebook und zur Durchf\u00fchrung von Remarketing-Aktivit\u00e4ten,<\/li><li>Google Analytics Tracking-Code \u2013 zur Analyse der Website-Statistiken.<\/li><\/ul><p>\u00a7 5. Serverprotokolle (Server-Logs) <\/p><ol class=\"wp-block-list\"><li>Die Nutzung der Website erfordert das Senden von Anfragen an den Server, auf dem die Website gespeichert ist.<\/li><li>Jede an den Server gerichtete Anfrage wird in den Serverprotokollen gespeichert. Die Protokolle umfassen unter anderem die IP-Adresse des Nutzers, das Datum und die Serverzeit sowie Informationen \u00fcber den vom Nutzer verwendeten Webbrowser und das Betriebssystem.  <\/li><li>Die Protokolle werden auf dem Server gespeichert und aufbewahrt.<\/li><li>Die in den Serverprotokollen gespeicherten Daten werden keinen bestimmten Personen zugeordnet, die die Website nutzen, und werden vom Administrator nicht zur Identifizierung des Nutzers verwendet.<\/li><li>Serverprotokolle dienen ausschlie\u00dflich als Hilfsmaterial zur Verwaltung der Website, und ihr Inhalt wird niemandem au\u00dfer den zur Serververwaltung berechtigten Personen offengelegt.<\/li><\/ol><p>\u00a7 6. Sicherheit <\/p><p>Alle Daten und Informationen, die \u00fcber die Website bazeko.pl \u00fcbertragen werden, sind durch das SSL-Protokoll gesichert.<\/p>\t\t\t\t\t\t\t\t<\/div>\n\t\t\t\t<div class=\"elementor-element elementor-element-b11bd4b elementor-widget elementor-widget-heading\" data-id=\"b11bd4b\" data-element_type=\"widget\" data-e-type=\"widget\" data-widget_type=\"heading.default\">\n\t\t\t\t\t<h2 class=\"elementor-heading-title elementor-size-default\">Liste der Cookies, die auf der Website bazeko.pl verwendet werden<\/h2>\t\t\t\t<\/div>\n\t\t\t\t<div class=\"elementor-element elementor-element-fbe921a elementor-widget elementor-widget-html\" data-id=\"fbe921a\" data-element_type=\"widget\" data-e-type=\"widget\" data-widget_type=\"html.default\">\n\t\t\t\t\t<div class=\"cky-audit-table-element\"><\/div>\t\t\t\t<\/div>\n\t\t\t\t<\/div>\n\t\t\t\t<\/div>\n\t\t\t\t<\/div>\n\t\t\t\t\t<\/div>\n\t\t\t\t<\/div>\n\t\t<div class=\"elementor-element elementor-element-d1e1945 e-flex e-con-boxed e-con e-parent\" data-id=\"d1e1945\" data-element_type=\"container\" data-e-type=\"container\" data-settings=\"{&quot;background_background&quot;:&quot;classic&quot;}\">\n\t\t\t\t\t<div class=\"e-con-inner\">\n\t\t<div class=\"elementor-element elementor-element-4fc314c1 e-con-full e-flex e-con e-child\" data-id=\"4fc314c1\" data-element_type=\"container\" data-e-type=\"container\">\n\t\t\t\t<div class=\"elementor-element elementor-element-7ee3a409 elementor-widget-divider--view-line elementor-widget elementor-widget-divider\" data-id=\"7ee3a409\" data-element_type=\"widget\" data-e-type=\"widget\" data-widget_type=\"divider.default\">\n\t\t\t\t\t\t\t<div class=\"elementor-divider\">\n\t\t\t<span class=\"elementor-divider-separator\">\n\t\t\t\t\t\t<\/span>\n\t\t<\/div>\n\t\t\t\t\t\t<\/div>\n\t\t\t\t<div class=\"elementor-element elementor-element-731b4776 elementor-widget elementor-widget-heading\" data-id=\"731b4776\" data-element_type=\"widget\" data-e-type=\"widget\" data-widget_type=\"heading.default\">\n\t\t\t\t\t<h2 class=\"elementor-heading-title elementor-size-default\">Haben Sie Fragen? Kontaktieren Sie uns. <\/h2>\t\t\t\t<\/div>\n\t\t\t\t<div class=\"elementor-element elementor-element-3591cdc3 elementor-align-center elementor-widget elementor-widget-button\" data-id=\"3591cdc3\" data-element_type=\"widget\" data-e-type=\"widget\" data-widget_type=\"button.default\">\n\t\t\t\t\t\t\t\t\t\t<a class=\"elementor-button elementor-button-link elementor-size-sm elementor-animation-float\" href=\"https:\/\/bazeko.pl\/de\/kontakt-2\/\">\n\t\t\t\t\t\t<span class=\"elementor-button-content-wrapper\">\n\t\t\t\t\t\t\t\t\t<span class=\"elementor-button-text\">Kontakt<\/span>\n\t\t\t\t\t<\/span>\n\t\t\t\t\t<\/a>\n\t\t\t\t\t\t\t\t<\/div>\n\t\t\t\t<\/div>\n\t\t\t\t\t<\/div>\n\t\t\t\t<\/div>\n\t\t\t\t<\/div>\n\t\t","protected":false},"excerpt":{"rendered":"<p>Datenschutzerkl\u00e4rung Die Datenschutz- und Cookie-Richtlinie beschreibt die Regeln f\u00fcr den Umgang mit personenbezogenen Daten und die Verwendung von Cookies und anderen Technologien auf der Website bazeko.pl. Der Administrator der Website ist BaZeKo Kocio\u0142ek &amp; Kocio\u0142ek sp.j., ul. Czechos\u0142owacka 3A, 92-216 \u0141\u00f3d\u017a, Polen, NIP 7282836137, Regon 382411879, KRS 0000768605. Der Kontakt mit dem Administrator ist unter [&hellip;]<\/p>\n","protected":false},"author":1,"featured_media":0,"parent":0,"menu_order":30,"comment_status":"closed","ping_status":"closed","template":"","meta":{"inline_featured_image":false,"site-sidebar-layout":"no-sidebar","site-content-layout":"page-builder","ast-site-content-layout":"full-width-container","site-content-style":"unboxed","site-sidebar-style":"unboxed","ast-global-header-display":"","ast-banner-title-visibility":"","ast-main-header-display":"","ast-hfb-above-header-display":"","ast-hfb-below-header-display":"","ast-hfb-mobile-header-display":"","site-post-title":"disabled","ast-breadcrumbs-content":"","ast-featured-img":"disabled","footer-sml-layout":"","ast-disable-related-posts":"","theme-transparent-header-meta":"enabled","adv-header-id-meta":"","stick-header-meta":"","header-above-stick-meta":"","header-main-stick-meta":"","header-below-stick-meta":"","astra-migrate-meta-layouts":"default","ast-page-background-enabled":"default","ast-page-background-meta":{"desktop":{"background-color":"","background-image":"","background-repeat":"repeat","background-position":"center center","background-size":"auto","background-attachment":"scroll","background-type":"","background-media":"","overlay-type":"","overlay-color":"","overlay-opacity":"","overlay-gradient":""},"tablet":{"background-color":"","background-image":"","background-repeat":"repeat","background-position":"center center","background-size":"auto","background-attachment":"scroll","background-type":"","background-media":"","overlay-type":"","overlay-color":"","overlay-opacity":"","overlay-gradient":""},"mobile":{"background-color":"","background-image":"","background-repeat":"repeat","background-position":"center center","background-size":"auto","background-attachment":"scroll","background-type":"","background-media":"","overlay-type":"","overlay-color":"","overlay-opacity":"","overlay-gradient":""}},"ast-content-background-meta":{"desktop":{"background-color":"var(--ast-global-color-5)","background-image":"","background-repeat":"repeat","background-position":"center center","background-size":"auto","background-attachment":"scroll","background-type":"","background-media":"","overlay-type":"","overlay-color":"","overlay-opacity":"","overlay-gradient":""},"tablet":{"background-color":"var(--ast-global-color-5)","background-image":"","background-repeat":"repeat","background-position":"center center","background-size":"auto","background-attachment":"scroll","background-type":"","background-media":"","overlay-type":"","overlay-color":"","overlay-opacity":"","overlay-gradient":""},"mobile":{"background-color":"var(--ast-global-color-5)","background-image":"","background-repeat":"repeat","background-position":"center center","background-size":"auto","background-attachment":"scroll","background-type":"","background-media":"","overlay-type":"","overlay-color":"","overlay-opacity":"","overlay-gradient":""}},"footnotes":""},"class_list":["post-3303","page","type-page","status-publish","hentry"],"yoast_head":"<!-- This site is optimized with the Yoast SEO plugin v27.0 - https:\/\/yoast.com\/product\/yoast-seo-wordpress\/ -->\n<title>Datenschutzerkl\u00e4rung - BaZeKo<\/title>\n<meta name=\"robots\" content=\"noindex, nofollow\" \/>\n<meta property=\"og:locale\" content=\"de_DE\" \/>\n<meta property=\"og:type\" content=\"article\" \/>\n<meta property=\"og:title\" content=\"Datenschutzerkl\u00e4rung - BaZeKo\" \/>\n<meta property=\"og:description\" content=\"Datenschutzerkl\u00e4rung Die Datenschutz- und Cookie-Richtlinie beschreibt die Regeln f\u00fcr den Umgang mit personenbezogenen Daten und die Verwendung von Cookies und anderen Technologien auf der Website bazeko.pl. Der Administrator der Website ist BaZeKo Kocio\u0142ek &amp; Kocio\u0142ek sp.j., ul. Czechos\u0142owacka 3A, 92-216 \u0141\u00f3d\u017a, Polen, NIP 7282836137, Regon 382411879, KRS 0000768605. Der Kontakt mit dem Administrator ist unter [&hellip;]\" \/>\n<meta property=\"og:url\" content=\"https:\/\/bazeko.pl\/de\/datenschutzerklarung\/\" \/>\n<meta property=\"og:site_name\" content=\"BaZeKo\" \/>\n<meta property=\"article:modified_time\" content=\"2026-03-11T00:25:40+00:00\" \/>\n<meta property=\"og:image\" content=\"https:\/\/bazeko.pl\/wp-content\/uploads\/2026\/02\/bazeko-strona.jpg\" \/>\n\t<meta property=\"og:image:width\" content=\"1200\" \/>\n\t<meta property=\"og:image:height\" content=\"606\" \/>\n\t<meta property=\"og:image:type\" content=\"image\/jpeg\" \/>\n<meta name=\"twitter:label1\" content=\"Gesch\u00e4tzte Lesezeit\" \/>\n\t<meta name=\"twitter:data1\" content=\"3\u00a0Minuten\" \/>\n<script type=\"application\/ld+json\" class=\"yoast-schema-graph\">{\"@context\":\"https:\/\/schema.org\",\"@graph\":[{\"@type\":\"WebPage\",\"@id\":\"https:\/\/bazeko.pl\/de\/datenschutzerklarung\/\",\"url\":\"https:\/\/bazeko.pl\/de\/datenschutzerklarung\/\",\"name\":\"Datenschutzerkl\u00e4rung - BaZeKo\",\"isPartOf\":{\"@id\":\"https:\/\/bazeko.pl\/de\/#website\"},\"datePublished\":\"2026-01-22T21:22:13+00:00\",\"dateModified\":\"2026-03-11T00:25:40+00:00\",\"breadcrumb\":{\"@id\":\"https:\/\/bazeko.pl\/de\/datenschutzerklarung\/#breadcrumb\"},\"inLanguage\":\"de\",\"potentialAction\":[{\"@type\":\"ReadAction\",\"target\":[\"https:\/\/bazeko.pl\/de\/datenschutzerklarung\/\"]}]},{\"@type\":\"BreadcrumbList\",\"@id\":\"https:\/\/bazeko.pl\/de\/datenschutzerklarung\/#breadcrumb\",\"itemListElement\":[{\"@type\":\"ListItem\",\"position\":1,\"name\":\"Startseite\",\"item\":\"https:\/\/bazeko.pl\/de\/startseite\/\"},{\"@type\":\"ListItem\",\"position\":2,\"name\":\"Datenschutzerkl\u00e4rung\"}]},{\"@type\":\"WebSite\",\"@id\":\"https:\/\/bazeko.pl\/de\/#website\",\"url\":\"https:\/\/bazeko.pl\/de\/\",\"name\":\"BaZeKo\",\"description\":\"Auftragsfertigung von Ger\u00e4ten\",\"publisher\":{\"@id\":\"https:\/\/bazeko.pl\/de\/#organization\"},\"alternateName\":\"BaZeKo\",\"potentialAction\":[{\"@type\":\"SearchAction\",\"target\":{\"@type\":\"EntryPoint\",\"urlTemplate\":\"https:\/\/bazeko.pl\/de\/?s={search_term_string}\"},\"query-input\":{\"@type\":\"PropertyValueSpecification\",\"valueRequired\":true,\"valueName\":\"search_term_string\"}}],\"inLanguage\":\"de\"},{\"@type\":\"Organization\",\"@id\":\"https:\/\/bazeko.pl\/de\/#organization\",\"name\":\"BaZeKo\",\"alternateName\":\"BaZeKo\",\"url\":\"https:\/\/bazeko.pl\/de\/\",\"logo\":{\"@type\":\"ImageObject\",\"inLanguage\":\"de\",\"@id\":\"https:\/\/bazeko.pl\/de\/#\/schema\/logo\/image\/\",\"url\":\"https:\/\/bazeko.pl\/wp-content\/uploads\/2026\/02\/BaZeKo-on-white-100-quad.jpg\",\"contentUrl\":\"https:\/\/bazeko.pl\/wp-content\/uploads\/2026\/02\/BaZeKo-on-white-100-quad.jpg\",\"width\":634,\"height\":620,\"caption\":\"BaZeKo\"},\"image\":{\"@id\":\"https:\/\/bazeko.pl\/de\/#\/schema\/logo\/image\/\"}}]}<\/script>\n<!-- \/ Yoast SEO plugin. -->","yoast_head_json":{"title":"Datenschutzerkl\u00e4rung - BaZeKo","robots":{"index":"noindex","follow":"nofollow"},"og_locale":"de_DE","og_type":"article","og_title":"Datenschutzerkl\u00e4rung - BaZeKo","og_description":"Datenschutzerkl\u00e4rung Die Datenschutz- und Cookie-Richtlinie beschreibt die Regeln f\u00fcr den Umgang mit personenbezogenen Daten und die Verwendung von Cookies und anderen Technologien auf der Website bazeko.pl. Der Administrator der Website ist BaZeKo Kocio\u0142ek &amp; Kocio\u0142ek sp.j., ul. Czechos\u0142owacka 3A, 92-216 \u0141\u00f3d\u017a, Polen, NIP 7282836137, Regon 382411879, KRS 0000768605. Der Kontakt mit dem Administrator ist unter [&hellip;]","og_url":"https:\/\/bazeko.pl\/de\/datenschutzerklarung\/","og_site_name":"BaZeKo","article_modified_time":"2026-03-11T00:25:40+00:00","og_image":[{"width":1200,"height":606,"url":"https:\/\/bazeko.pl\/wp-content\/uploads\/2026\/02\/bazeko-strona.jpg","type":"image\/jpeg"}],"twitter_misc":{"Gesch\u00e4tzte Lesezeit":"3\u00a0Minuten"},"schema":{"@context":"https:\/\/schema.org","@graph":[{"@type":"WebPage","@id":"https:\/\/bazeko.pl\/de\/datenschutzerklarung\/","url":"https:\/\/bazeko.pl\/de\/datenschutzerklarung\/","name":"Datenschutzerkl\u00e4rung - BaZeKo","isPartOf":{"@id":"https:\/\/bazeko.pl\/de\/#website"},"datePublished":"2026-01-22T21:22:13+00:00","dateModified":"2026-03-11T00:25:40+00:00","breadcrumb":{"@id":"https:\/\/bazeko.pl\/de\/datenschutzerklarung\/#breadcrumb"},"inLanguage":"de","potentialAction":[{"@type":"ReadAction","target":["https:\/\/bazeko.pl\/de\/datenschutzerklarung\/"]}]},{"@type":"BreadcrumbList","@id":"https:\/\/bazeko.pl\/de\/datenschutzerklarung\/#breadcrumb","itemListElement":[{"@type":"ListItem","position":1,"name":"Startseite","item":"https:\/\/bazeko.pl\/de\/startseite\/"},{"@type":"ListItem","position":2,"name":"Datenschutzerkl\u00e4rung"}]},{"@type":"WebSite","@id":"https:\/\/bazeko.pl\/de\/#website","url":"https:\/\/bazeko.pl\/de\/","name":"BaZeKo","description":"Auftragsfertigung von Ger\u00e4ten","publisher":{"@id":"https:\/\/bazeko.pl\/de\/#organization"},"alternateName":"BaZeKo","potentialAction":[{"@type":"SearchAction","target":{"@type":"EntryPoint","urlTemplate":"https:\/\/bazeko.pl\/de\/?s={search_term_string}"},"query-input":{"@type":"PropertyValueSpecification","valueRequired":true,"valueName":"search_term_string"}}],"inLanguage":"de"},{"@type":"Organization","@id":"https:\/\/bazeko.pl\/de\/#organization","name":"BaZeKo","alternateName":"BaZeKo","url":"https:\/\/bazeko.pl\/de\/","logo":{"@type":"ImageObject","inLanguage":"de","@id":"https:\/\/bazeko.pl\/de\/#\/schema\/logo\/image\/","url":"https:\/\/bazeko.pl\/wp-content\/uploads\/2026\/02\/BaZeKo-on-white-100-quad.jpg","contentUrl":"https:\/\/bazeko.pl\/wp-content\/uploads\/2026\/02\/BaZeKo-on-white-100-quad.jpg","width":634,"height":620,"caption":"BaZeKo"},"image":{"@id":"https:\/\/bazeko.pl\/de\/#\/schema\/logo\/image\/"}}]}},"_links":{"self":[{"href":"https:\/\/bazeko.pl\/de\/wp-json\/wp\/v2\/pages\/3303","targetHints":{"allow":["GET"]}}],"collection":[{"href":"https:\/\/bazeko.pl\/de\/wp-json\/wp\/v2\/pages"}],"about":[{"href":"https:\/\/bazeko.pl\/de\/wp-json\/wp\/v2\/types\/page"}],"author":[{"embeddable":true,"href":"https:\/\/bazeko.pl\/de\/wp-json\/wp\/v2\/users\/1"}],"replies":[{"embeddable":true,"href":"https:\/\/bazeko.pl\/de\/wp-json\/wp\/v2\/comments?post=3303"}],"version-history":[{"count":4,"href":"https:\/\/bazeko.pl\/de\/wp-json\/wp\/v2\/pages\/3303\/revisions"}],"predecessor-version":[{"id":3344,"href":"https:\/\/bazeko.pl\/de\/wp-json\/wp\/v2\/pages\/3303\/revisions\/3344"}],"wp:attachment":[{"href":"https:\/\/bazeko.pl\/de\/wp-json\/wp\/v2\/media?parent=3303"}],"curies":[{"name":"wp","href":"https:\/\/api.w.org\/{rel}","templated":true}]}}