{"id":3032,"date":"2026-01-22T22:22:13","date_gmt":"2026-01-22T21:22:13","guid":{"rendered":"https:\/\/bazeko.pl\/privacy-policy\/"},"modified":"2026-03-10T01:39:01","modified_gmt":"2026-03-10T00:39:01","slug":"privacy-policy","status":"publish","type":"page","link":"https:\/\/bazeko.pl\/en\/privacy-policy\/","title":{"rendered":"Privacy Policy"},"content":{"rendered":"\t\t<div data-elementor-type=\"wp-post\" data-elementor-id=\"3032\" class=\"elementor elementor-3032 elementor-2114\" data-elementor-post-type=\"page\">\n\t\t\t\t<div class=\"elementor-element elementor-element-5be7547 e-flex e-con-boxed e-con e-parent\" data-id=\"5be7547\" data-element_type=\"container\" data-e-type=\"container\" data-settings=\"{&quot;background_background&quot;:&quot;classic&quot;}\">\n\t\t\t\t\t<div class=\"e-con-inner\">\n\t\t<div class=\"elementor-element elementor-element-a01c84a e-con-full e-flex e-con e-child\" data-id=\"a01c84a\" data-element_type=\"container\" data-e-type=\"container\">\n\t\t\t\t<div class=\"elementor-element elementor-element-0fe3f5e elementor-widget-divider--view-line elementor-widget elementor-widget-divider\" data-id=\"0fe3f5e\" data-element_type=\"widget\" data-e-type=\"widget\" data-widget_type=\"divider.default\">\n\t\t\t\t\t\t\t<div class=\"elementor-divider\">\n\t\t\t<span class=\"elementor-divider-separator\">\n\t\t\t\t\t\t<\/span>\n\t\t<\/div>\n\t\t\t\t\t\t<\/div>\n\t\t\t\t<div class=\"elementor-element elementor-element-5f16992 elementor-widget elementor-widget-heading\" data-id=\"5f16992\" data-element_type=\"widget\" data-e-type=\"widget\" data-widget_type=\"heading.default\">\n\t\t\t\t\t<h1 class=\"elementor-heading-title elementor-size-default\">Privacy Policy<\/h1>\t\t\t\t<\/div>\n\t\t\t\t<div class=\"elementor-element elementor-element-1e31448 elementor-widget elementor-widget-shortcode\" data-id=\"1e31448\" data-element_type=\"widget\" data-e-type=\"widget\" data-widget_type=\"shortcode.default\">\n\t\t\t\t\t\t\t<div class=\"elementor-shortcode\"><span><span><a href=\"https:\/\/bazeko.pl\/en\/\">Home page<\/a><\/span><\/span><\/div>\n\t\t\t\t\t\t<\/div>\n\t\t\t\t<\/div>\n\t\t\t\t\t<\/div>\n\t\t\t\t<\/div>\n\t\t<div class=\"elementor-element elementor-element-e6a3788 e-flex e-con-boxed e-con e-parent\" data-id=\"e6a3788\" data-element_type=\"container\" data-e-type=\"container\" data-settings=\"{&quot;background_background&quot;:&quot;classic&quot;}\">\n\t\t\t\t\t<div class=\"e-con-inner\">\n\t\t<div class=\"elementor-element elementor-element-b91cea3 e-con-full e-flex e-con e-child\" data-id=\"b91cea3\" data-element_type=\"container\" data-e-type=\"container\">\n\t\t<div class=\"elementor-element elementor-element-5f7fb67 e-con-full e-flex e-con e-child\" data-id=\"5f7fb67\" data-element_type=\"container\" data-e-type=\"container\">\n\t\t<div class=\"elementor-element elementor-element-04b6908 e-con-full e-flex e-con e-child\" data-id=\"04b6908\" data-element_type=\"container\" data-e-type=\"container\">\n\t\t\t\t<div class=\"elementor-element elementor-element-2d46a8f elementor-widget elementor-widget-text-editor\" data-id=\"2d46a8f\" data-element_type=\"widget\" data-e-type=\"widget\" data-widget_type=\"text-editor.default\">\n\t\t\t\t\t\t\t\t\t<p>The privacy and cookies policy describes the rules for handling personal data and using cookies and other technologies on the bazeko.pl website.<\/p><p>The website administrator is BaZeKo Kocio\u0142ek &amp; Kocio\u0142ek sp.j., ul. Czechos\u0142owacka 3A, 92-216 \u0141\u00f3d\u017a, NIP (Tax Identification Number): 7282836137, REGON: 382411879, KRS: 0000768605. You can contact the administrator via email at: biuro@bazeko.pl.<\/p><p>\u00a7 1. Glossary of terms<\/p><p>For the purposes of this privacy policy, the following terms have the following meanings:<\/p><ol class=\"wp-block-list\"><li>Administrator \u2013 BaZeKo Kocio\u0142ek &amp; Kocio\u0142ek sp.j., ul. Czechos\u0142owacka 3A, 92-216 \u0141\u00f3d\u017a, NIP: 7282836137, REGON: 382411879, KRS: 0000768605. Contact with the administrator is possible at the e-mail address: biuro@bazeko.pl.<\/li><li>Website \u2013 the website located at: https:\/\/bazeko.pl\/<\/li><li>User \u2013 any entity using the Website.<\/li><\/ol><p>\u00a7 2. Personal data <\/p><ol class=\"wp-block-list\"><li>The administrator of the User&#8217;s personal data is the Administrator.<\/li><li>The Administrator guarantees the confidentiality of all personal data provided to them.<\/li><li>The User may provide their personal data to the Administrator using forms available on the Website, such as the contact form.<\/li><li>Providing data by the User is voluntary, however, providing it is necessary for the User to take actions for which the form is intended.<\/li><li>The Administrator does not share the data provided to them with any third parties, and personal data is collected with due diligence and adequately protected against access by unauthorized persons.<\/li><li>The User has the following rights:<br><ul class=\"wp-block-list\"><li>the right to request access to their data, their rectification, deletion, or restriction of processing,<\/li><li>the right to object to processing,<\/li><li>the right to data portability,<\/li><li>the right to withdraw consent to the processing of personal data for a specific purpose, if the User previously gave such consent,<\/li><li>the right to lodge a complaint with a supervisory authority in connection with the processing of personal data by the Administrator.<\/li><\/ul><\/li><li>The Administrator informs the User that they entrust the processing of personal data to the following entities: BaZeKo Kocio\u0142ek &amp; Kocio\u0142ek sp.j., ul. Czechos\u0142owacka 3A, 92-216 \u0141\u00f3d\u017a, NIP 7282836137, REGON 382411879, KRS 0000768605.<\/li><\/ol><p>\u00a7 3. Cookies <\/p><ol class=\"wp-block-list\"><li>The Administrator uses cookies, i.e., small text information stored on the User&#8217;s end device (e.g., computer, tablet, smartphone). Cookies can be read by the Administrator&#8217;s IT system. <\/li><li>The Administrator stores cookies on the User&#8217;s end device and then accesses the information contained therein for statistical purposes, marketing purposes (remarketing), and to ensure the proper functioning of the Website.<\/li><li>The Administrator hereby informs the User that it is possible to configure the web browser in a way that prevents the storage of cookies on the User&#8217;s end device. In such a situation, the User&#8217;s use of the Website may be hindered. <\/li><li>The Administrator hereby points out that cookies can be deleted by the User after they are saved by the Administrator, using the appropriate functions of the web browser, programs intended for this purpose, or by using the appropriate tools available within the operating system used by the User.<\/li><\/ol><p>\u00a7 4. Information on applied technologies: <\/p><p>The Administrator hereby informs the User that they use the following technologies tracking actions taken by the User on the Website:<\/p><ul class=\"wp-block-list\"><li>Facebook conversion pixel \u2013 to manage Facebook ads and conduct remarketing activities,<\/li><li>Google Analytics tracking code \u2013 to analyze Website statistics.<\/li><\/ul><p>\u00a7 5. Server logs <\/p><ol class=\"wp-block-list\"><li>Using the Website involves sending queries to the server on which the Website is hosted.<\/li><li>Every query directed to the server is saved in the server logs. Logs include, among others, the User&#8217;s IP address, server date and time, information about the web browser and the operating system used by the User.  <\/li><li>Logs are saved and stored on the server.<\/li><li>The data saved in the server logs are not associated with specific individuals using the Website and are not used by the Administrator to identify the User.<\/li><li>Server logs are solely auxiliary material used to administer the Website, and their content is not disclosed to anyone other than persons authorized to administer the server.<\/li><\/ol><p>\u00a7 6. Security <\/p><p>All data and information transmitted via the bazeko.pl website are secured with the SSL protocol.<\/p>\t\t\t\t\t\t\t\t<\/div>\n\t\t\t\t<div class=\"elementor-element elementor-element-b11bd4b elementor-widget elementor-widget-heading\" data-id=\"b11bd4b\" data-element_type=\"widget\" data-e-type=\"widget\" data-widget_type=\"heading.default\">\n\t\t\t\t\t<h2 class=\"elementor-heading-title elementor-size-default\">List of cookies used on the bazeko.pl website<\/h2>\t\t\t\t<\/div>\n\t\t\t\t<div class=\"elementor-element elementor-element-fbe921a elementor-widget elementor-widget-html\" data-id=\"fbe921a\" data-element_type=\"widget\" data-e-type=\"widget\" data-widget_type=\"html.default\">\n\t\t\t\t\t<div class=\"cky-audit-table-element\"><\/div>\t\t\t\t<\/div>\n\t\t\t\t<\/div>\n\t\t\t\t<\/div>\n\t\t\t\t<\/div>\n\t\t\t\t\t<\/div>\n\t\t\t\t<\/div>\n\t\t<div class=\"elementor-element elementor-element-d1e1945 e-flex e-con-boxed e-con e-parent\" data-id=\"d1e1945\" data-element_type=\"container\" data-e-type=\"container\" data-settings=\"{&quot;background_background&quot;:&quot;classic&quot;}\">\n\t\t\t\t\t<div class=\"e-con-inner\">\n\t\t<div class=\"elementor-element elementor-element-4fc314c1 e-con-full e-flex e-con e-child\" data-id=\"4fc314c1\" data-element_type=\"container\" data-e-type=\"container\">\n\t\t\t\t<div class=\"elementor-element elementor-element-7ee3a409 elementor-widget-divider--view-line elementor-widget elementor-widget-divider\" data-id=\"7ee3a409\" data-element_type=\"widget\" data-e-type=\"widget\" data-widget_type=\"divider.default\">\n\t\t\t\t\t\t\t<div class=\"elementor-divider\">\n\t\t\t<span class=\"elementor-divider-separator\">\n\t\t\t\t\t\t<\/span>\n\t\t<\/div>\n\t\t\t\t\t\t<\/div>\n\t\t\t\t<div class=\"elementor-element elementor-element-731b4776 elementor-widget elementor-widget-heading\" data-id=\"731b4776\" data-element_type=\"widget\" data-e-type=\"widget\" data-widget_type=\"heading.default\">\n\t\t\t\t\t<h2 class=\"elementor-heading-title elementor-size-default\">Do you have any questions? Contact us.<\/h2>\t\t\t\t<\/div>\n\t\t\t\t<div class=\"elementor-element elementor-element-3591cdc3 elementor-align-center elementor-widget elementor-widget-button\" data-id=\"3591cdc3\" data-element_type=\"widget\" data-e-type=\"widget\" data-widget_type=\"button.default\">\n\t\t\t\t\t\t\t\t\t\t<a class=\"elementor-button elementor-button-link elementor-size-sm elementor-animation-float\" href=\"https:\/\/bazeko.pl\/en\/contact\/\">\n\t\t\t\t\t\t<span class=\"elementor-button-content-wrapper\">\n\t\t\t\t\t\t\t\t\t<span class=\"elementor-button-text\">Contact<\/span>\n\t\t\t\t\t<\/span>\n\t\t\t\t\t<\/a>\n\t\t\t\t\t\t\t\t<\/div>\n\t\t\t\t<\/div>\n\t\t\t\t\t<\/div>\n\t\t\t\t<\/div>\n\t\t\t\t<\/div>\n\t\t","protected":false},"excerpt":{"rendered":"<p>Privacy Policy The privacy and cookies policy describes the rules for handling personal data and using cookies and other technologies on the bazeko.pl website. The website administrator is BaZeKo Kocio\u0142ek &amp; Kocio\u0142ek sp.j., ul. Czechos\u0142owacka 3A, 92-216 \u0141\u00f3d\u017a, NIP (Tax Identification Number): 7282836137, REGON: 382411879, KRS: 0000768605. You can contact the administrator via email at: [&hellip;]<\/p>\n","protected":false},"author":1,"featured_media":0,"parent":0,"menu_order":30,"comment_status":"closed","ping_status":"closed","template":"","meta":{"inline_featured_image":false,"site-sidebar-layout":"no-sidebar","site-content-layout":"page-builder","ast-site-content-layout":"full-width-container","site-content-style":"unboxed","site-sidebar-style":"unboxed","ast-global-header-display":"","ast-banner-title-visibility":"","ast-main-header-display":"","ast-hfb-above-header-display":"","ast-hfb-below-header-display":"","ast-hfb-mobile-header-display":"","site-post-title":"disabled","ast-breadcrumbs-content":"","ast-featured-img":"disabled","footer-sml-layout":"","ast-disable-related-posts":"","theme-transparent-header-meta":"enabled","adv-header-id-meta":"","stick-header-meta":"","header-above-stick-meta":"","header-main-stick-meta":"","header-below-stick-meta":"","astra-migrate-meta-layouts":"default","ast-page-background-enabled":"default","ast-page-background-meta":{"desktop":{"background-color":"","background-image":"","background-repeat":"repeat","background-position":"center center","background-size":"auto","background-attachment":"scroll","background-type":"","background-media":"","overlay-type":"","overlay-color":"","overlay-opacity":"","overlay-gradient":""},"tablet":{"background-color":"","background-image":"","background-repeat":"repeat","background-position":"center center","background-size":"auto","background-attachment":"scroll","background-type":"","background-media":"","overlay-type":"","overlay-color":"","overlay-opacity":"","overlay-gradient":""},"mobile":{"background-color":"","background-image":"","background-repeat":"repeat","background-position":"center center","background-size":"auto","background-attachment":"scroll","background-type":"","background-media":"","overlay-type":"","overlay-color":"","overlay-opacity":"","overlay-gradient":""}},"ast-content-background-meta":{"desktop":{"background-color":"var(--ast-global-color-5)","background-image":"","background-repeat":"repeat","background-position":"center center","background-size":"auto","background-attachment":"scroll","background-type":"","background-media":"","overlay-type":"","overlay-color":"","overlay-opacity":"","overlay-gradient":""},"tablet":{"background-color":"var(--ast-global-color-5)","background-image":"","background-repeat":"repeat","background-position":"center center","background-size":"auto","background-attachment":"scroll","background-type":"","background-media":"","overlay-type":"","overlay-color":"","overlay-opacity":"","overlay-gradient":""},"mobile":{"background-color":"var(--ast-global-color-5)","background-image":"","background-repeat":"repeat","background-position":"center center","background-size":"auto","background-attachment":"scroll","background-type":"","background-media":"","overlay-type":"","overlay-color":"","overlay-opacity":"","overlay-gradient":""}},"footnotes":""},"class_list":["post-3032","page","type-page","status-publish","hentry"],"yoast_head":"<!-- This site is optimized with the Yoast SEO plugin v27.0 - https:\/\/yoast.com\/product\/yoast-seo-wordpress\/ -->\n<title>Privacy Policy - BaZeKo<\/title>\n<meta name=\"robots\" content=\"noindex, nofollow\" \/>\n<meta property=\"og:locale\" content=\"en_US\" \/>\n<meta property=\"og:type\" content=\"article\" \/>\n<meta property=\"og:title\" content=\"Privacy Policy - BaZeKo\" \/>\n<meta property=\"og:description\" content=\"Privacy Policy The privacy and cookies policy describes the rules for handling personal data and using cookies and other technologies on the bazeko.pl website. The website administrator is BaZeKo Kocio\u0142ek &amp; Kocio\u0142ek sp.j., ul. Czechos\u0142owacka 3A, 92-216 \u0141\u00f3d\u017a, NIP (Tax Identification Number): 7282836137, REGON: 382411879, KRS: 0000768605. You can contact the administrator via email at: [&hellip;]\" \/>\n<meta property=\"og:url\" content=\"https:\/\/bazeko.pl\/en\/privacy-policy\/\" \/>\n<meta property=\"og:site_name\" content=\"BaZeKo\" \/>\n<meta property=\"article:modified_time\" content=\"2026-03-10T00:39:01+00:00\" \/>\n<meta property=\"og:image\" content=\"https:\/\/bazeko.pl\/wp-content\/uploads\/2026\/02\/bazeko-strona.jpg\" \/>\n\t<meta property=\"og:image:width\" content=\"1200\" \/>\n\t<meta property=\"og:image:height\" content=\"606\" \/>\n\t<meta property=\"og:image:type\" content=\"image\/jpeg\" \/>\n<meta name=\"twitter:label1\" content=\"Est. reading time\" \/>\n\t<meta name=\"twitter:data1\" content=\"3 minutes\" \/>\n<script type=\"application\/ld+json\" class=\"yoast-schema-graph\">{\"@context\":\"https:\/\/schema.org\",\"@graph\":[{\"@type\":\"WebPage\",\"@id\":\"https:\/\/bazeko.pl\/en\/privacy-policy\/\",\"url\":\"https:\/\/bazeko.pl\/en\/privacy-policy\/\",\"name\":\"Privacy Policy - BaZeKo\",\"isPartOf\":{\"@id\":\"https:\/\/bazeko.pl\/en\/#website\"},\"datePublished\":\"2026-01-22T21:22:13+00:00\",\"dateModified\":\"2026-03-10T00:39:01+00:00\",\"breadcrumb\":{\"@id\":\"https:\/\/bazeko.pl\/en\/privacy-policy\/#breadcrumb\"},\"inLanguage\":\"en-US\",\"potentialAction\":[{\"@type\":\"ReadAction\",\"target\":[\"https:\/\/bazeko.pl\/en\/privacy-policy\/\"]}]},{\"@type\":\"BreadcrumbList\",\"@id\":\"https:\/\/bazeko.pl\/en\/privacy-policy\/#breadcrumb\",\"itemListElement\":[{\"@type\":\"ListItem\",\"position\":1,\"name\":\"Home page\",\"item\":\"https:\/\/bazeko.pl\/en\/\"},{\"@type\":\"ListItem\",\"position\":2,\"name\":\"Privacy Policy\"}]},{\"@type\":\"WebSite\",\"@id\":\"https:\/\/bazeko.pl\/en\/#website\",\"url\":\"https:\/\/bazeko.pl\/en\/\",\"name\":\"BaZeKo\",\"description\":\"Contract manufacturing of equipment\",\"publisher\":{\"@id\":\"https:\/\/bazeko.pl\/en\/#organization\"},\"alternateName\":\"BaZeKo\",\"potentialAction\":[{\"@type\":\"SearchAction\",\"target\":{\"@type\":\"EntryPoint\",\"urlTemplate\":\"https:\/\/bazeko.pl\/en\/?s={search_term_string}\"},\"query-input\":{\"@type\":\"PropertyValueSpecification\",\"valueRequired\":true,\"valueName\":\"search_term_string\"}}],\"inLanguage\":\"en-US\"},{\"@type\":\"Organization\",\"@id\":\"https:\/\/bazeko.pl\/en\/#organization\",\"name\":\"BaZeKo\",\"alternateName\":\"BaZeKo\",\"url\":\"https:\/\/bazeko.pl\/en\/\",\"logo\":{\"@type\":\"ImageObject\",\"inLanguage\":\"en-US\",\"@id\":\"https:\/\/bazeko.pl\/en\/#\/schema\/logo\/image\/\",\"url\":\"https:\/\/bazeko.pl\/wp-content\/uploads\/2026\/02\/BaZeKo-on-white-100-quad.jpg\",\"contentUrl\":\"https:\/\/bazeko.pl\/wp-content\/uploads\/2026\/02\/BaZeKo-on-white-100-quad.jpg\",\"width\":634,\"height\":620,\"caption\":\"BaZeKo\"},\"image\":{\"@id\":\"https:\/\/bazeko.pl\/en\/#\/schema\/logo\/image\/\"}}]}<\/script>\n<!-- \/ Yoast SEO plugin. -->","yoast_head_json":{"title":"Privacy Policy - BaZeKo","robots":{"index":"noindex","follow":"nofollow"},"og_locale":"en_US","og_type":"article","og_title":"Privacy Policy - BaZeKo","og_description":"Privacy Policy The privacy and cookies policy describes the rules for handling personal data and using cookies and other technologies on the bazeko.pl website. The website administrator is BaZeKo Kocio\u0142ek &amp; Kocio\u0142ek sp.j., ul. Czechos\u0142owacka 3A, 92-216 \u0141\u00f3d\u017a, NIP (Tax Identification Number): 7282836137, REGON: 382411879, KRS: 0000768605. You can contact the administrator via email at: [&hellip;]","og_url":"https:\/\/bazeko.pl\/en\/privacy-policy\/","og_site_name":"BaZeKo","article_modified_time":"2026-03-10T00:39:01+00:00","og_image":[{"width":1200,"height":606,"url":"https:\/\/bazeko.pl\/wp-content\/uploads\/2026\/02\/bazeko-strona.jpg","type":"image\/jpeg"}],"twitter_misc":{"Est. reading time":"3 minutes"},"schema":{"@context":"https:\/\/schema.org","@graph":[{"@type":"WebPage","@id":"https:\/\/bazeko.pl\/en\/privacy-policy\/","url":"https:\/\/bazeko.pl\/en\/privacy-policy\/","name":"Privacy Policy - BaZeKo","isPartOf":{"@id":"https:\/\/bazeko.pl\/en\/#website"},"datePublished":"2026-01-22T21:22:13+00:00","dateModified":"2026-03-10T00:39:01+00:00","breadcrumb":{"@id":"https:\/\/bazeko.pl\/en\/privacy-policy\/#breadcrumb"},"inLanguage":"en-US","potentialAction":[{"@type":"ReadAction","target":["https:\/\/bazeko.pl\/en\/privacy-policy\/"]}]},{"@type":"BreadcrumbList","@id":"https:\/\/bazeko.pl\/en\/privacy-policy\/#breadcrumb","itemListElement":[{"@type":"ListItem","position":1,"name":"Home page","item":"https:\/\/bazeko.pl\/en\/"},{"@type":"ListItem","position":2,"name":"Privacy Policy"}]},{"@type":"WebSite","@id":"https:\/\/bazeko.pl\/en\/#website","url":"https:\/\/bazeko.pl\/en\/","name":"BaZeKo","description":"Contract manufacturing of equipment","publisher":{"@id":"https:\/\/bazeko.pl\/en\/#organization"},"alternateName":"BaZeKo","potentialAction":[{"@type":"SearchAction","target":{"@type":"EntryPoint","urlTemplate":"https:\/\/bazeko.pl\/en\/?s={search_term_string}"},"query-input":{"@type":"PropertyValueSpecification","valueRequired":true,"valueName":"search_term_string"}}],"inLanguage":"en-US"},{"@type":"Organization","@id":"https:\/\/bazeko.pl\/en\/#organization","name":"BaZeKo","alternateName":"BaZeKo","url":"https:\/\/bazeko.pl\/en\/","logo":{"@type":"ImageObject","inLanguage":"en-US","@id":"https:\/\/bazeko.pl\/en\/#\/schema\/logo\/image\/","url":"https:\/\/bazeko.pl\/wp-content\/uploads\/2026\/02\/BaZeKo-on-white-100-quad.jpg","contentUrl":"https:\/\/bazeko.pl\/wp-content\/uploads\/2026\/02\/BaZeKo-on-white-100-quad.jpg","width":634,"height":620,"caption":"BaZeKo"},"image":{"@id":"https:\/\/bazeko.pl\/en\/#\/schema\/logo\/image\/"}}]}},"_links":{"self":[{"href":"https:\/\/bazeko.pl\/en\/wp-json\/wp\/v2\/pages\/3032","targetHints":{"allow":["GET"]}}],"collection":[{"href":"https:\/\/bazeko.pl\/en\/wp-json\/wp\/v2\/pages"}],"about":[{"href":"https:\/\/bazeko.pl\/en\/wp-json\/wp\/v2\/types\/page"}],"author":[{"embeddable":true,"href":"https:\/\/bazeko.pl\/en\/wp-json\/wp\/v2\/users\/1"}],"replies":[{"embeddable":true,"href":"https:\/\/bazeko.pl\/en\/wp-json\/wp\/v2\/comments?post=3032"}],"version-history":[{"count":4,"href":"https:\/\/bazeko.pl\/en\/wp-json\/wp\/v2\/pages\/3032\/revisions"}],"predecessor-version":[{"id":3069,"href":"https:\/\/bazeko.pl\/en\/wp-json\/wp\/v2\/pages\/3032\/revisions\/3069"}],"wp:attachment":[{"href":"https:\/\/bazeko.pl\/en\/wp-json\/wp\/v2\/media?parent=3032"}],"curies":[{"name":"wp","href":"https:\/\/api.w.org\/{rel}","templated":true}]}}